{"id":12681,"date":"2018-03-05T15:44:28","date_gmt":"2018-03-05T14:44:28","guid":{"rendered":"http:\/\/www.musikverein-lohnsburg.at\/cms\/?page_id=12681"},"modified":"2025-03-09T19:12:12","modified_gmt":"2025-03-09T18:12:12","slug":"jugendarbeit","status":"publish","type":"page","link":"https:\/\/www.musikverein-lohnsburg.at\/cms\/jugendarbeit\/","title":{"rendered":"Jugend"},"content":{"rendered":"<h2><span style=\"color: #31429b;\">Jugendarbeit<\/span><\/h2>\n<hr style=\"border: solid #31429b 1px; height: 0px;\">\n<div class=\"columns\"><ul>\n<li class=\"col-1-2\">\n<figure id=\"attachment_12704\" class=\"aligncenter\" style=\"width: 364px;\">\n<div class=\"\"><img loading=\"lazy\" decoding=\"async\" class=\" wp-image-12704 size-small-width\" src=\"https:\/\/www.musikverein-lohnsburg.at\/cms\/wp-content\/uploads\/2018\/03\/JugendFAQ02-364x244.jpeg\" alt=\"JugendFAQ02\" width=\"364\" height=\"244\" srcset=\"https:\/\/www.musikverein-lohnsburg.at\/cms\/wp-content\/uploads\/2018\/03\/JugendFAQ02-364x244.jpeg 364w, https:\/\/www.musikverein-lohnsburg.at\/cms\/wp-content\/uploads\/2018\/03\/JugendFAQ02-300x201.jpeg 300w, https:\/\/www.musikverein-lohnsburg.at\/cms\/wp-content\/uploads\/2018\/03\/JugendFAQ02-768x516.jpeg 768w, https:\/\/www.musikverein-lohnsburg.at\/cms\/wp-content\/uploads\/2018\/03\/JugendFAQ02-1024x688.jpeg 1024w, https:\/\/www.musikverein-lohnsburg.at\/cms\/wp-content\/uploads\/2018\/03\/JugendFAQ02-89x60.jpeg 89w, https:\/\/www.musikverein-lohnsburg.at\/cms\/wp-content\/uploads\/2018\/03\/JugendFAQ02-980x658.jpeg 980w, https:\/\/www.musikverein-lohnsburg.at\/cms\/wp-content\/uploads\/2018\/03\/JugendFAQ02-940x631.jpeg 940w, https:\/\/www.musikverein-lohnsburg.at\/cms\/wp-content\/uploads\/2018\/03\/JugendFAQ02-748x502.jpeg 748w, https:\/\/www.musikverein-lohnsburg.at\/cms\/wp-content\/uploads\/2018\/03\/JugendFAQ02.jpeg 1525w\" sizes=\"auto, (max-width: 364px) 100vw, 364px\" \/><\/div>\n<\/figure>\n<\/li>\n<li class=\"col-1-2\">\n<figure id=\"attachment_12703\" class=\"aligncenter\" style=\"width: 364px;\">\n<div class=\"\"><img loading=\"lazy\" decoding=\"async\" class=\" wp-image-12703 size-small-width\" src=\"https:\/\/www.musikverein-lohnsburg.at\/cms\/wp-content\/uploads\/2018\/03\/JugendFAQ03-364x243.jpeg\" alt=\"JugendFAQ03\" width=\"364\" height=\"243\" srcset=\"https:\/\/www.musikverein-lohnsburg.at\/cms\/wp-content\/uploads\/2018\/03\/JugendFAQ03-364x243.jpeg 364w, https:\/\/www.musikverein-lohnsburg.at\/cms\/wp-content\/uploads\/2018\/03\/JugendFAQ03-300x200.jpeg 300w, https:\/\/www.musikverein-lohnsburg.at\/cms\/wp-content\/uploads\/2018\/03\/JugendFAQ03-768x512.jpeg 768w, https:\/\/www.musikverein-lohnsburg.at\/cms\/wp-content\/uploads\/2018\/03\/JugendFAQ03-90x60.jpeg 90w, https:\/\/www.musikverein-lohnsburg.at\/cms\/wp-content\/uploads\/2018\/03\/JugendFAQ03-748x498.jpeg 748w, https:\/\/www.musikverein-lohnsburg.at\/cms\/wp-content\/uploads\/2018\/03\/JugendFAQ03.jpeg 800w\" sizes=\"auto, (max-width: 364px) 100vw, 364px\" \/><\/div>\n<\/figure>\n<\/li>\n<\/ul><\/div>\n<p style=\"text-align: justify;\">Das Erlernen eines Instruments und die damit einhergehende Mitgliedschaft in einem Verein bieten eine besonders sinnvolle Art der Freizeitgestaltung. Au\u00dferdem wird ein gro\u00dfer Teil der Pers\u00f6nlichkeitsentwicklung \u00fcber einen langen Zeitraum mitgetragen. Dabei werden soziale Kompetenzen wie Aufeinander H\u00f6ren, Teamgeist und Selbstverantwortlichkeit (\u00dcben, \u00dcbernehmen von Aufgaben innerhalb des Vereins) gef\u00f6rdert.<\/p>\n<p style=\"text-align: justify;\">Nat\u00fcrlich entwickeln sich auch immer wieder neue \u2013 manchmal sogar ungeahnte \u2013 Freundschaften und das gemeinschaftliche Miteinander nimmt einen gro\u00dfen Stellenwert innerhalb des Vereins ein.<\/p>\n<div class=\"toggles\" data-toggles-singular=\"false\">\n<div title=\"Der Weg zum Musikverein - FAQ\">\n<p style=\"text-align: center;\"><strong>M\u00f6chtest Du auch ein Instrument lernen und Mitglied im Musikverein werden?<\/strong><\/p>\n<p style=\"text-align: center;\"><strong>Hier sind Fragen und Antworten, die Dir dabei helfen k\u00f6nnen.<\/strong><\/p>\n<p style=\"text-align: center;\"><strong><mark class=\"blue\">Wie wei\u00df ich, welches Instrument mir gef\u00e4llt, bzw. welches Instrument zu mir passt?<em><\/mark><\/em><\/strong><\/p>\n<p style=\"text-align: center;\">Du kannst bei uns alle Instrumente vorher ausprobieren, um selbst herauszufinden,<br \/>\nwelches Instrument dir am besten gef\u00e4llt. Dann kannst du dich entscheiden!<\/p>\n<p style=\"text-align: center;\"><strong><mark class=\"blue\">Muss ich mir mein Instrument selber kaufen?<em><\/mark><\/em><\/strong><\/p>\n<p style=\"text-align: center;\">Nein, grunds\u00e4tzlich nicht. Du bekommst das Instrument vom Musikverein zur Verf\u00fcgung gestellt.<\/p>\n<p style=\"text-align: center;\">Die Noten und andere Materialen, die du zum Unterricht brauchst, sowie Reparaturen<br \/>\nselbstverschuldeter Sch\u00e4den m\u00fcssen aber aus eigener Tasche bezahlt werden.<\/p>\n<p style=\"text-align: center;\"><strong><mark class=\"blue\">Wo bekomme ich einen Lehrer her?<em><\/mark><\/em><\/strong><\/p>\n<p style=\"text-align: center;\">Das Jugendreferat k\u00fcmmert sich um einen Lehrer f\u00fcr dich. Du wirst auf alle F\u00e4lle in der Musikschule<br \/>\nangemeldet und falls dort Platzmangel herrscht, bekommst du vor\u00fcbergehend einen Privatlehrer.<\/p>\n<p style=\"text-align: center;\"><strong><mark class=\"blue\">Wie viel kostet das?<em><\/mark><\/em><\/strong><\/p>\n<p style=\"text-align: center;\">In der Musikschule \u20ac 170 pro Semester f\u00fcr w\u00f6chentlich 30 Minuten Einzelunterricht.<\/p>\n<p style=\"text-align: center;\">Bei Privatlehrern je nach Vereinbarung.<\/p>\n<p style=\"text-align: center;\"><strong><mark class=\"blue\">Muss ich vorher schon Noten kennen?<em><\/mark><\/em><\/strong><\/p>\n<p style=\"text-align: center;\">Nein, aber eine musikalische Vorbildung ist nat\u00fcrlich von Vorteil! Hierzu gibt es das Angebot des Blockfl\u00f6tenunterrichts<br \/>\nund der musikalischen Fr\u00fcherziehung. Au\u00dferdem solltest du mindestens 9 Jahre alt sein sein, da das<br \/>\nSpielen eines Blasinstrumentes mit k\u00f6rperlichem Aufwand (Atmung &amp; Luft) verbunden ist.<\/p>\n<p style=\"text-align: center;\"><strong><mark class=\"blue\">Wie lange dauert es, bis ich im Musikverein mitspielen darf?<em><\/mark><\/em><\/strong><\/p>\n<p style=\"text-align: center;\">Wenn du jeden Tag mindestens eine halbe Stunde \u00fcbst (oder besser noch l\u00e4nger), dann kannst du nach 3 bis 4 Jahren<br \/>\ndas Jungmusikerleistungsabzeichen in Bronze ablegen. Das ist dann deine Eintrittskarte in den Musikverein.<\/p>\n<p style=\"text-align: center;\"><strong><mark class=\"blue\">Was muss man bei diesem Leistungsabzeichen alles machen?<em><\/mark><\/em><\/strong><\/p>\n<p style=\"text-align: center;\">Bei den Leistungsabzeichen gibt es vier Stufen: Junior, Bronze, Silber und Gold.<br \/>\nDaf\u00fcr musst du bei jeder Stufe mit deinem Instrument vorspielen.<\/p>\n<p style=\"text-align: center;\">Ab dem Leistungsabzeichen in Bronze gibt es zus\u00e4tzlich einen schriftlichen Theorietest, in dem Musikgeschichte und<br \/>\nmusiktheoretisches Wissen abgepr\u00fcft werden. F\u00fcr jede Stufe wird in der Musikschule ein Theoriekurs angeboten.<\/p>\n<p style=\"text-align: center;\"><strong><mark class=\"blue\">Treffe ich auch manchmal andere Jungmusiker?<em><\/mark><\/em><\/strong><\/p>\n<p style=\"text-align: center;\">Ja, es gibt es zwei Mal im Jahr Jungmusikermatin\u00e9en, wo alle Lohnsburger Musiksch\u00fcler vor Publikum ihr K\u00f6nnen unter Beweis stellen<br \/>\nd\u00fcrfen. Au\u00dferdem gibt es das Jugendorchester LoSchiWa, in dem Sch\u00fcler ab dem Junior-Leistungsabzeichen mitspielen d\u00fcrfen.<\/p>\n<p style=\"text-align: center;\"><strong><mark class=\"blue\">Wo, oder bei wem muss ich mich melden, wenn ich mich f\u00fcr ein Instrument entschieden habe?<em><\/mark><\/em><\/strong><\/p>\n<p style=\"text-align: center;\">Du kannst dich bei jedem Mitglied des Musikvereins Lohnsburg oder am besten gleich direkt bei den Jugendreferenten melden!<\/p>\n<p style=\"text-align: center;\"><strong>Wir freuen uns auf Dich!<br \/>\nMusikverein Lohnsburg<br \/>\nJugendreferat <\/strong><\/p>\n<figure id=\"attachment_12705\" class=\"aligncenter\" style=\"width: 748px;\">\n<div class=\"\"><img loading=\"lazy\" decoding=\"async\" class=\" wp-image-12705 size-medium-width\" src=\"https:\/\/www.musikverein-lohnsburg.at\/cms\/wp-content\/uploads\/2018\/03\/JugendFAQ01-748x499.jpeg\" alt=\"JugendFAQ01\" width=\"748\" height=\"499\" srcset=\"https:\/\/www.musikverein-lohnsburg.at\/cms\/wp-content\/uploads\/2018\/03\/JugendFAQ01-748x499.jpeg 748w, https:\/\/www.musikverein-lohnsburg.at\/cms\/wp-content\/uploads\/2018\/03\/JugendFAQ01-300x200.jpeg 300w, https:\/\/www.musikverein-lohnsburg.at\/cms\/wp-content\/uploads\/2018\/03\/JugendFAQ01-768x512.jpeg 768w, https:\/\/www.musikverein-lohnsburg.at\/cms\/wp-content\/uploads\/2018\/03\/JugendFAQ01-1024x683.jpeg 1024w, https:\/\/www.musikverein-lohnsburg.at\/cms\/wp-content\/uploads\/2018\/03\/JugendFAQ01-90x60.jpeg 90w, https:\/\/www.musikverein-lohnsburg.at\/cms\/wp-content\/uploads\/2018\/03\/JugendFAQ01-980x653.jpeg 980w, https:\/\/www.musikverein-lohnsburg.at\/cms\/wp-content\/uploads\/2018\/03\/JugendFAQ01-1620x1080.jpeg 1620w, https:\/\/www.musikverein-lohnsburg.at\/cms\/wp-content\/uploads\/2018\/03\/JugendFAQ01-940x627.jpeg 940w, https:\/\/www.musikverein-lohnsburg.at\/cms\/wp-content\/uploads\/2018\/03\/JugendFAQ01-364x243.jpeg 364w, https:\/\/www.musikverein-lohnsburg.at\/cms\/wp-content\/uploads\/2018\/03\/JugendFAQ01.jpeg 2256w\" sizes=\"auto, (max-width: 748px) 100vw, 748px\" \/><\/div>\n<\/figure>\n<\/div>\n<\/div>\n<div class=\"toggles\" data-toggles-singular=\"false\">\n<div title=\"Musikalische Fr\u00fcherziehung\">\n<p style=\"text-align: justify;\">Durch spielerisches Beisammensein wird Kindern der Einstieg in die Welt der Musik erm\u00f6glicht. Fr\u00fchzeitige Anregung und Lernimpulse f\u00f6rdern die Entwicklung des musikalischen Geh\u00f6rs. Beim Singen, Tanzen und Musizieren auf verschiedensten Instrumenten erfahren die Kinder die verschiedenen Dimensionen der Musik: Tonh\u00f6he \u2013 Tondauer \u2013 Metrum \u2013 Dynamik.<\/p>\n<p style=\"text-align: justify;\">Das Spiel und die Geselligkeit, Spa\u00df und Freude beim gemeinsamen Musizieren sind genauso wichtig wie Konzentration und ernsthaftes Gestalten. So kann die musikalische Fr\u00fcherziehung einen positiven Beitrag zur Gesamtentwicklung des Kindes leisten.<\/p>\n<p style=\"text-align: justify;\">Aus Zeitgr\u00fcnden der P\u00e4dagoginnen und P\u00e4dagogen kann die musikalische Fr\u00fcherziehung im Schuljahr 2024\/25 leider nicht angeboten werden. Wir bitten um Verst\u00e4ndnis.<\/p>\n<div class=\"columns\"><ul>\n<li class=\"col-1-2\">\n<figure id=\"attachment_14320\" class=\"aligncenter\" style=\"width: 364px;\">\n<div class=\"\"><img loading=\"lazy\" decoding=\"async\" class=\"wp-image-14320 size-small-width \" src=\"https:\/\/www.musikverein-lohnsburg.at\/cms\/wp-content\/uploads\/2018\/08\/MF1-364x243.jpg\" alt=\"\" width=\"364\" height=\"243\" srcset=\"https:\/\/www.musikverein-lohnsburg.at\/cms\/wp-content\/uploads\/2018\/08\/MF1-364x243.jpg 364w, https:\/\/www.musikverein-lohnsburg.at\/cms\/wp-content\/uploads\/2018\/08\/MF1-300x200.jpg 300w, https:\/\/www.musikverein-lohnsburg.at\/cms\/wp-content\/uploads\/2018\/08\/MF1-768x512.jpg 768w, https:\/\/www.musikverein-lohnsburg.at\/cms\/wp-content\/uploads\/2018\/08\/MF1-1024x683.jpg 1024w, https:\/\/www.musikverein-lohnsburg.at\/cms\/wp-content\/uploads\/2018\/08\/MF1-90x60.jpg 90w, https:\/\/www.musikverein-lohnsburg.at\/cms\/wp-content\/uploads\/2018\/08\/MF1-980x653.jpg 980w, https:\/\/www.musikverein-lohnsburg.at\/cms\/wp-content\/uploads\/2018\/08\/MF1-1620x1080.jpg 1620w, https:\/\/www.musikverein-lohnsburg.at\/cms\/wp-content\/uploads\/2018\/08\/MF1-940x627.jpg 940w, https:\/\/www.musikverein-lohnsburg.at\/cms\/wp-content\/uploads\/2018\/08\/MF1-748x499.jpg 748w, https:\/\/www.musikverein-lohnsburg.at\/cms\/wp-content\/uploads\/2018\/08\/MF1.jpg 1800w\" sizes=\"auto, (max-width: 364px) 100vw, 364px\" \/><\/div>\n<\/figure>\n<\/li>\n<li class=\"col-1-2\">\n<figure id=\"attachment_14321\" class=\"aligncenter\" style=\"width: 364px;\">\n<div class=\"\"><img loading=\"lazy\" decoding=\"async\" class=\"wp-image-14321 size-small-width \" src=\"https:\/\/www.musikverein-lohnsburg.at\/cms\/wp-content\/uploads\/2018\/08\/MF2-364x273.jpg\" alt=\"\" width=\"364\" height=\"273\" srcset=\"https:\/\/www.musikverein-lohnsburg.at\/cms\/wp-content\/uploads\/2018\/08\/MF2-364x273.jpg 364w, https:\/\/www.musikverein-lohnsburg.at\/cms\/wp-content\/uploads\/2018\/08\/MF2-300x225.jpg 300w, https:\/\/www.musikverein-lohnsburg.at\/cms\/wp-content\/uploads\/2018\/08\/MF2-768x576.jpg 768w, https:\/\/www.musikverein-lohnsburg.at\/cms\/wp-content\/uploads\/2018\/08\/MF2-1024x768.jpg 1024w, https:\/\/www.musikverein-lohnsburg.at\/cms\/wp-content\/uploads\/2018\/08\/MF2-80x60.jpg 80w, https:\/\/www.musikverein-lohnsburg.at\/cms\/wp-content\/uploads\/2018\/08\/MF2-980x735.jpg 980w, https:\/\/www.musikverein-lohnsburg.at\/cms\/wp-content\/uploads\/2018\/08\/MF2-1439x1080.jpg 1439w, https:\/\/www.musikverein-lohnsburg.at\/cms\/wp-content\/uploads\/2018\/08\/MF2-940x705.jpg 940w, https:\/\/www.musikverein-lohnsburg.at\/cms\/wp-content\/uploads\/2018\/08\/MF2-748x561.jpg 748w, https:\/\/www.musikverein-lohnsburg.at\/cms\/wp-content\/uploads\/2018\/08\/MF2.jpg 1599w\" sizes=\"auto, (max-width: 364px) 100vw, 364px\" \/><\/div>\n<\/figure>\n<\/li>\n<\/ul><\/div>\n<\/div>\n<\/div>\n<div class=\"toggles\" data-toggles-singular=\"false\">\n<div title=\"Blockfl\u00f6tenunterricht\">\n<p style=\"text-align: justify;\">Die Blockfl\u00f6te eignet sich perfekt, um Kindern den Einstieg in die Welt der Musik zu erm\u00f6glichen. Bereits in jungen Jahren k\u00f6nnen sie so Noten spielerisch erlernen und die Freude zur Musik entdecken.<\/p>\n<p style=\"text-align: justify;\">Ab dem Volksschulalter k\u00f6nnen die Kinder den Unterricht auf der Sopranblockfl\u00f6te beginnen und somit erste musikalische Erfahrungen machen. Lernen die Kinder l\u00e4nger, besteht auch die M\u00f6glichkeit, mit der gr\u00f6\u00dferen und tiefer klingenden Altblockfl\u00f6te zu spielen.<\/p>\n<p style=\"text-align: justify;\">Mit viel Engagement unterrichten Viktoria Schachinger und Hannah Mairinger die Lohnsburger Blockfl\u00f6tensch\u00fcler und &#8211; sch\u00fclerinnen und bereiten die Kinder so auf eine m\u00f6gliche, weiterf\u00fchrende Musikschullaufbahn vor. Denn sind die Noten erst einmal gelernt, f\u00e4llt sp\u00e4ter der Umstieg auf ein gr\u00f6\u00dferes Instrument viel leichter und der Weg zum Musikverein ist geebnet.<\/p>\n<p style=\"text-align: justify;\">Haben wir dein Interesse geweckt und du m\u00f6chtest ebenfalls mit der Blockfl\u00f6te beginnen? Dann wende dich bitte an Viktoria Schachinger oder Hannah Mairinger. Sie freuen sich schon sehr darauf, mit dir zu musizieren!<\/p>\n<p>&nbsp;<\/p>\n<figure id=\"attachment_20132\" class=\"aligncenter\" style=\"width: 364px;\"><a data-fancybox-title=\"\" class=\"zoom-hover fb\" href=\"https:\/\/www.musikverein-lohnsburg.at\/cms\/wp-content\/uploads\/2025\/03\/20241116_142506-1-scaled.jpg\"><img loading=\"lazy\" decoding=\"async\" class=\" wp-image-20132 size-small-width\" src=\"https:\/\/www.musikverein-lohnsburg.at\/cms\/wp-content\/uploads\/2025\/03\/20241116_142506-1-364x273.jpg\" alt=\"\" width=\"364\" height=\"273\" srcset=\"https:\/\/www.musikverein-lohnsburg.at\/cms\/wp-content\/uploads\/2025\/03\/20241116_142506-1-364x273.jpg 364w, https:\/\/www.musikverein-lohnsburg.at\/cms\/wp-content\/uploads\/2025\/03\/20241116_142506-1-300x225.jpg 300w, https:\/\/www.musikverein-lohnsburg.at\/cms\/wp-content\/uploads\/2025\/03\/20241116_142506-1-1024x768.jpg 1024w, https:\/\/www.musikverein-lohnsburg.at\/cms\/wp-content\/uploads\/2025\/03\/20241116_142506-1-768x576.jpg 768w, https:\/\/www.musikverein-lohnsburg.at\/cms\/wp-content\/uploads\/2025\/03\/20241116_142506-1-1536x1152.jpg 1536w, https:\/\/www.musikverein-lohnsburg.at\/cms\/wp-content\/uploads\/2025\/03\/20241116_142506-1-2048x1536.jpg 2048w, https:\/\/www.musikverein-lohnsburg.at\/cms\/wp-content\/uploads\/2025\/03\/20241116_142506-1-80x60.jpg 80w, https:\/\/www.musikverein-lohnsburg.at\/cms\/wp-content\/uploads\/2025\/03\/20241116_142506-1-980x735.jpg 980w, https:\/\/www.musikverein-lohnsburg.at\/cms\/wp-content\/uploads\/2025\/03\/20241116_142506-1-1440x1080.jpg 1440w, https:\/\/www.musikverein-lohnsburg.at\/cms\/wp-content\/uploads\/2025\/03\/20241116_142506-1-940x705.jpg 940w, https:\/\/www.musikverein-lohnsburg.at\/cms\/wp-content\/uploads\/2025\/03\/20241116_142506-1-748x561.jpg 748w, https:\/\/www.musikverein-lohnsburg.at\/cms\/wp-content\/uploads\/2025\/03\/20241116_142506-1-scaled.jpg 2560w\" sizes=\"auto, (max-width: 364px) 100vw, 364px\" \/><\/a><\/figure>\n<\/div>\n<\/div>\n<div class=\"toggles\" data-toggles-singular=\"false\">\n<div title=\"Jugendorchester LoSchiWa\">\n<p style=\"text-align: justify;\">Um einerseits die Wartezeit auf den Musikverein zu verk\u00fcrzen und andererseits auf das Zusammenspiel im gro\u00dfen Orchester vorzubereiten, gibt es seit vielen Jahren das gemeinsame Jugendorchester der Gemeinden Lohnsburg, Schildorn und Waldzell. Dem LoSchiWa-Orchester k\u00f6nnen alle Sch\u00fclerinnen und Sch\u00fcler beitreten, welche zwei Jahre lernen oder bereits das Junior-Leistungsabzeichen abgelegt haben.<\/p>\n<p style=\"text-align: justify;\">In den Sommerferien wird w\u00e4hrend einiger Proben und einer viert\u00e4gigen Erlebniswoche ein Konzertprogramm einstudiert und anschlie\u00dfend in einer der drei Gemeinden aufgef\u00fchrt.<\/p>\n<p style=\"text-align: justify;\">In der Erlebniswoche steht zwar das Proben im gro\u00dfen Orchester und in den verschiedenen Registern im Vordergrund, doch der Spa\u00df kommt dennoch nicht zu kurz. So standen in der Vergangenheit Besuche im Freibad an, es wurden kniffelige Schnitzeljagden veranstaltet und Fu\u00dfballturniere gespielt. Besonders beliebt sind au\u00dferdem die kreativen Abende an denen Filmszenen oder Werbungen nachgespielt werden. Auch &#8222;LoSchiWas next Topmodel&#8220; sorgt oft f\u00fcr ein lustiges und abwechslungsreiches Programm.<\/p>\n<div class=\"columns\"><ul>\n<li class=\"col-1-3\">\n<figure id=\"attachment_12702\" class=\"aligncenter\" style=\"width: 300px;\">\n<div class=\"\"><img loading=\"lazy\" decoding=\"async\" class=\"wp-image-12702 size-medium \" src=\"https:\/\/www.musikverein-lohnsburg.at\/cms\/wp-content\/uploads\/2018\/03\/Loschiwa01-300x225.jpeg\" alt=\"Loschiwa01\" width=\"300\" height=\"225\" srcset=\"https:\/\/www.musikverein-lohnsburg.at\/cms\/wp-content\/uploads\/2018\/03\/Loschiwa01-300x225.jpeg 300w, https:\/\/www.musikverein-lohnsburg.at\/cms\/wp-content\/uploads\/2018\/03\/Loschiwa01-768x576.jpeg 768w, https:\/\/www.musikverein-lohnsburg.at\/cms\/wp-content\/uploads\/2018\/03\/Loschiwa01-1024x768.jpeg 1024w, https:\/\/www.musikverein-lohnsburg.at\/cms\/wp-content\/uploads\/2018\/03\/Loschiwa01-80x60.jpeg 80w, https:\/\/www.musikverein-lohnsburg.at\/cms\/wp-content\/uploads\/2018\/03\/Loschiwa01-980x735.jpeg 980w, https:\/\/www.musikverein-lohnsburg.at\/cms\/wp-content\/uploads\/2018\/03\/Loschiwa01-1440x1080.jpeg 1440w, https:\/\/www.musikverein-lohnsburg.at\/cms\/wp-content\/uploads\/2018\/03\/Loschiwa01-940x705.jpeg 940w, https:\/\/www.musikverein-lohnsburg.at\/cms\/wp-content\/uploads\/2018\/03\/Loschiwa01-748x561.jpeg 748w, https:\/\/www.musikverein-lohnsburg.at\/cms\/wp-content\/uploads\/2018\/03\/Loschiwa01-364x273.jpeg 364w\" sizes=\"auto, (max-width: 300px) 100vw, 300px\" \/><\/div>\n<\/figure>\n<\/li>\n<li class=\"col-1-3\">\n<figure id=\"attachment_12701\" class=\"aligncenter\" style=\"width: 225px;\">\n<div class=\"\"><img loading=\"lazy\" decoding=\"async\" class=\"wp-image-12701 size-medium \" src=\"https:\/\/www.musikverein-lohnsburg.at\/cms\/wp-content\/uploads\/2018\/03\/Loschiwa02-225x300.jpeg\" alt=\"Loschiwa02\" width=\"225\" height=\"300\" srcset=\"https:\/\/www.musikverein-lohnsburg.at\/cms\/wp-content\/uploads\/2018\/03\/Loschiwa02-225x300.jpeg 225w, https:\/\/www.musikverein-lohnsburg.at\/cms\/wp-content\/uploads\/2018\/03\/Loschiwa02-768x1024.jpeg 768w, https:\/\/www.musikverein-lohnsburg.at\/cms\/wp-content\/uploads\/2018\/03\/Loschiwa02-45x60.jpeg 45w, https:\/\/www.musikverein-lohnsburg.at\/cms\/wp-content\/uploads\/2018\/03\/Loschiwa02-980x1307.jpeg 980w, https:\/\/www.musikverein-lohnsburg.at\/cms\/wp-content\/uploads\/2018\/03\/Loschiwa02-810x1080.jpeg 810w, https:\/\/www.musikverein-lohnsburg.at\/cms\/wp-content\/uploads\/2018\/03\/Loschiwa02-940x1253.jpeg 940w, https:\/\/www.musikverein-lohnsburg.at\/cms\/wp-content\/uploads\/2018\/03\/Loschiwa02-748x997.jpeg 748w, https:\/\/www.musikverein-lohnsburg.at\/cms\/wp-content\/uploads\/2018\/03\/Loschiwa02-364x485.jpeg 364w, https:\/\/www.musikverein-lohnsburg.at\/cms\/wp-content\/uploads\/2018\/03\/Loschiwa02.jpeg 3024w\" sizes=\"auto, (max-width: 225px) 100vw, 225px\" \/><\/div>\n<\/figure>\n<\/li>\n<li class=\"col-1-3\">\n<figure id=\"attachment_12700\" class=\"aligncenter\" style=\"width: 300px;\">\n<div class=\"\"><img loading=\"lazy\" decoding=\"async\" class=\" wp-image-12700 size-medium\" src=\"https:\/\/www.musikverein-lohnsburg.at\/cms\/wp-content\/uploads\/2018\/03\/Loschiwa03-300x225.jpeg\" alt=\"Loschiwa03\" width=\"300\" height=\"225\" srcset=\"https:\/\/www.musikverein-lohnsburg.at\/cms\/wp-content\/uploads\/2018\/03\/Loschiwa03-300x225.jpeg 300w, https:\/\/www.musikverein-lohnsburg.at\/cms\/wp-content\/uploads\/2018\/03\/Loschiwa03-768x576.jpeg 768w, https:\/\/www.musikverein-lohnsburg.at\/cms\/wp-content\/uploads\/2018\/03\/Loschiwa03-1024x768.jpeg 1024w, https:\/\/www.musikverein-lohnsburg.at\/cms\/wp-content\/uploads\/2018\/03\/Loschiwa03-80x60.jpeg 80w, https:\/\/www.musikverein-lohnsburg.at\/cms\/wp-content\/uploads\/2018\/03\/Loschiwa03-980x735.jpeg 980w, https:\/\/www.musikverein-lohnsburg.at\/cms\/wp-content\/uploads\/2018\/03\/Loschiwa03-1440x1080.jpeg 1440w, https:\/\/www.musikverein-lohnsburg.at\/cms\/wp-content\/uploads\/2018\/03\/Loschiwa03-940x705.jpeg 940w, https:\/\/www.musikverein-lohnsburg.at\/cms\/wp-content\/uploads\/2018\/03\/Loschiwa03-748x561.jpeg 748w, https:\/\/www.musikverein-lohnsburg.at\/cms\/wp-content\/uploads\/2018\/03\/Loschiwa03-364x273.jpeg 364w\" sizes=\"auto, (max-width: 300px) 100vw, 300px\" \/><\/div>\n<\/figure>\n<\/li>\n<\/ul><\/div>\n<\/div>\n<\/div>\n<p>&nbsp;<\/p>\n","protected":false},"excerpt":{"rendered":"<p>Jugendarbeit Das Erlernen eines Instruments und die damit einhergehende Mitgliedschaft in einem Verein bieten eine besonders sinnvolle Art der Freizeitgestaltung. Au\u00dferdem wird ein gro\u00dfer Teil der Pers\u00f6nlichkeitsentwicklung \u00fcber einen langen Zeitraum mitgetragen. Dabei werden soziale Kompetenzen wie Aufeinander H\u00f6ren, Teamgeist und Selbstverantwortlichkeit (\u00dcben, \u00dcbernehmen von Aufgaben innerhalb des Vereins) gef\u00f6rdert. Nat\u00fcrlich entwickeln sich auch immer [&hellip;] <a href=\"https:\/\/www.musikverein-lohnsburg.at\/cms\/jugendarbeit\/\" class=\"readmore\">Mehr lesen<i class=\"icon-forward\"><\/i><\/a><\/p>\n","protected":false},"author":1,"featured_media":0,"parent":0,"menu_order":0,"comment_status":"closed","ping_status":"closed","template":"","meta":{"ngg_post_thumbnail":0,"footnotes":""},"class_list":["post-12681","page","type-page","status-publish","hentry"],"_links":{"self":[{"href":"https:\/\/www.musikverein-lohnsburg.at\/cms\/wp-json\/wp\/v2\/pages\/12681","targetHints":{"allow":["GET"]}}],"collection":[{"href":"https:\/\/www.musikverein-lohnsburg.at\/cms\/wp-json\/wp\/v2\/pages"}],"about":[{"href":"https:\/\/www.musikverein-lohnsburg.at\/cms\/wp-json\/wp\/v2\/types\/page"}],"author":[{"embeddable":true,"href":"https:\/\/www.musikverein-lohnsburg.at\/cms\/wp-json\/wp\/v2\/users\/1"}],"replies":[{"embeddable":true,"href":"https:\/\/www.musikverein-lohnsburg.at\/cms\/wp-json\/wp\/v2\/comments?post=12681"}],"version-history":[{"count":61,"href":"https:\/\/www.musikverein-lohnsburg.at\/cms\/wp-json\/wp\/v2\/pages\/12681\/revisions"}],"predecessor-version":[{"id":20294,"href":"https:\/\/www.musikverein-lohnsburg.at\/cms\/wp-json\/wp\/v2\/pages\/12681\/revisions\/20294"}],"wp:attachment":[{"href":"https:\/\/www.musikverein-lohnsburg.at\/cms\/wp-json\/wp\/v2\/media?parent=12681"}],"curies":[{"name":"wp","href":"https:\/\/api.w.org\/{rel}","templated":true}]}}